{"id":647,"date":"2015-01-11T20:49:09","date_gmt":"2015-01-11T19:49:09","guid":{"rendered":"http:\/\/monabergs.de\/blog\/?page_id=647"},"modified":"2020-02-22T19:50:49","modified_gmt":"2020-02-22T18:50:49","slug":"termine","status":"publish","type":"page","link":"https:\/\/monabergs.de\/blog\/termine\/","title":{"rendered":"Termine"},"content":{"rendered":"<p>Du hast Lust in netter Gesellschaft kreativ zu sein? Dann komm doch zu einem meiner Workshops!<br \/>\nDiese finden bei mir zu Hause in 41516 Grevenbroich (Kapellen) statt.<\/p>\n<p>&#8212; NEUE TERMINE IN K\u00dcRZE &#8212;<\/p>\n<p>Im Preis inbegriffen sind neben dem Material auch Getr\u00e4nke und Knabbereien.<\/p>\n<p style=\"text-align: left;\">Da die Pl\u00e4tze begrenzt sind melde Dich bitte <strong>verbindlich<\/strong> telefonisch oder per Mail an.<\/p>\n<p><img loading=\"lazy\" decoding=\"async\" class=\"alignnone size-full wp-image-365 alignleft\" src=\"http:\/\/monabergs.de\/blog\/wp-content\/uploads\/2014\/09\/Mona.png\" alt=\"Mona\" width=\"210\" height=\"96\" \/><\/p>\n","protected":false},"excerpt":{"rendered":"<p>Du hast Lust in netter Gesellschaft kreativ zu sein? Dann komm doch zu einem meiner Workshops! Diese finden bei mir zu Hause in 41516 Grevenbroich (Kapellen) statt. &#8212; NEUE TERMINE IN K\u00dcRZE &#8212; Im Preis inbegriffen sind neben dem Material auch Getr\u00e4nke und Knabbereien. Da die Pl\u00e4tze begrenzt sind melde Dich bitte verbindlich telefonisch oder [&hellip;]<\/p>\n","protected":false},"author":2,"featured_media":0,"parent":0,"menu_order":0,"comment_status":"closed","ping_status":"closed","template":"","meta":{"footnotes":""},"class_list":["post-647","page","type-page","status-publish","hentry"],"_links":{"self":[{"href":"https:\/\/monabergs.de\/blog\/wp-json\/wp\/v2\/pages\/647","targetHints":{"allow":["GET"]}}],"collection":[{"href":"https:\/\/monabergs.de\/blog\/wp-json\/wp\/v2\/pages"}],"about":[{"href":"https:\/\/monabergs.de\/blog\/wp-json\/wp\/v2\/types\/page"}],"author":[{"embeddable":true,"href":"https:\/\/monabergs.de\/blog\/wp-json\/wp\/v2\/users\/2"}],"replies":[{"embeddable":true,"href":"https:\/\/monabergs.de\/blog\/wp-json\/wp\/v2\/comments?post=647"}],"version-history":[{"count":63,"href":"https:\/\/monabergs.de\/blog\/wp-json\/wp\/v2\/pages\/647\/revisions"}],"predecessor-version":[{"id":1792,"href":"https:\/\/monabergs.de\/blog\/wp-json\/wp\/v2\/pages\/647\/revisions\/1792"}],"wp:attachment":[{"href":"https:\/\/monabergs.de\/blog\/wp-json\/wp\/v2\/media?parent=647"}],"curies":[{"name":"wp","href":"https:\/\/api.w.org\/{rel}","templated":true}]}}