{"id":36,"date":"2014-05-04T14:30:16","date_gmt":"2014-05-04T12:30:16","guid":{"rendered":"http:\/\/monabergs.de\/blog\/?page_id=36"},"modified":"2018-05-07T13:23:24","modified_gmt":"2018-05-07T11:23:24","slug":"auftragsarbeiten","status":"publish","type":"page","link":"https:\/\/monabergs.de\/blog\/auftragsarbeiten\/","title":{"rendered":"Auftragsarbeiten"},"content":{"rendered":"<p>Du bist auf der Suche nach individuellen Einladungskarten, Geschenkverpackungen, Tischdekorationen f\u00fcr einen bestimmten Anlass (Geburtstag,\u00a0Hochzeit, Taufe, Kommunion\/Konfirmation) oder einfach eine Gl\u00fcckwunschkarte zum Geburtstag, Jubil\u00e4um, Weihnachten &#8230; und m\u00f6chtest nicht etwas das jeder hat?<\/p>\n<p><img loading=\"lazy\" decoding=\"async\" class=\"alignnone size-large wp-image-911\" src=\"http:\/\/monabergs.de\/blog\/wp-content\/uploads\/2015\/05\/Auftragsarbeiten-1024x1024.jpg\" alt=\"Auftragsarbeiten\" width=\"640\" height=\"640\" srcset=\"https:\/\/monabergs.de\/blog\/wp-content\/uploads\/2015\/05\/Auftragsarbeiten-1024x1024.jpg 1024w, https:\/\/monabergs.de\/blog\/wp-content\/uploads\/2015\/05\/Auftragsarbeiten-150x150.jpg 150w, https:\/\/monabergs.de\/blog\/wp-content\/uploads\/2015\/05\/Auftragsarbeiten-300x300.jpg 300w, https:\/\/monabergs.de\/blog\/wp-content\/uploads\/2015\/05\/Auftragsarbeiten.jpg 2000w\" sizes=\"auto, (max-width: 640px) 100vw, 640px\" \/><\/p>\n<p style=\"text-align: center;\"><span style=\"line-height: 1.5em;\">Dann melde dich bei mir:<\/span><\/p>\n<p style=\"text-align: center;\">0 21 82 \/ 8 33 29 56 oder <a title=\"Reveal this e-mail address\" href=\"http:\/\/www.google.com\/recaptcha\/mailhide\/d?k=01RqnmdnbO2FcTQd4xLUhnRw==&amp;c=DmtCwK0-rL18NDSVf9MPL3Xfvi6BMEuwzDJRFZ0G24o=\">k&#8230;<\/a>@monabergs.de<\/p>\n<p>Ich fertige gerne individuelle, handgemachte Karten, Geschenkverpackungen und Dekorationen nach deine W\u00fcnsche und Vorstellungen.<\/p>\n<p>&nbsp;<\/p>\n","protected":false},"excerpt":{"rendered":"<p>Du bist auf der Suche nach individuellen Einladungskarten, Geschenkverpackungen, Tischdekorationen f\u00fcr einen bestimmten Anlass (Geburtstag,\u00a0Hochzeit, Taufe, Kommunion\/Konfirmation) oder einfach eine Gl\u00fcckwunschkarte zum Geburtstag, Jubil\u00e4um, Weihnachten &#8230; und m\u00f6chtest nicht etwas das jeder hat? Dann melde dich bei mir: 0 21 82 \/ 8 33 29 56 oder k&#8230;@monabergs.de Ich fertige gerne individuelle, handgemachte Karten, Geschenkverpackungen [&hellip;]<\/p>\n","protected":false},"author":1,"featured_media":0,"parent":0,"menu_order":0,"comment_status":"closed","ping_status":"closed","template":"","meta":{"footnotes":""},"class_list":["post-36","page","type-page","status-publish","hentry"],"_links":{"self":[{"href":"https:\/\/monabergs.de\/blog\/wp-json\/wp\/v2\/pages\/36","targetHints":{"allow":["GET"]}}],"collection":[{"href":"https:\/\/monabergs.de\/blog\/wp-json\/wp\/v2\/pages"}],"about":[{"href":"https:\/\/monabergs.de\/blog\/wp-json\/wp\/v2\/types\/page"}],"author":[{"embeddable":true,"href":"https:\/\/monabergs.de\/blog\/wp-json\/wp\/v2\/users\/1"}],"replies":[{"embeddable":true,"href":"https:\/\/monabergs.de\/blog\/wp-json\/wp\/v2\/comments?post=36"}],"version-history":[{"count":9,"href":"https:\/\/monabergs.de\/blog\/wp-json\/wp\/v2\/pages\/36\/revisions"}],"predecessor-version":[{"id":912,"href":"https:\/\/monabergs.de\/blog\/wp-json\/wp\/v2\/pages\/36\/revisions\/912"}],"wp:attachment":[{"href":"https:\/\/monabergs.de\/blog\/wp-json\/wp\/v2\/media?parent=36"}],"curies":[{"name":"wp","href":"https:\/\/api.w.org\/{rel}","templated":true}]}}